{"id":62,"date":"2016-11-05T20:36:17","date_gmt":"2016-11-05T19:36:17","guid":{"rendered":"http:\/\/web-boxes4.com\/wp-tfc\/?page_id=62"},"modified":"2016-11-05T20:36:17","modified_gmt":"2016-11-05T19:36:17","slug":"qui-sommes-nous","status":"publish","type":"page","link":"https:\/\/trelazefitnessclub.com\/index.php\/qui-sommes-nous\/","title":{"rendered":"Qui sommes nous"},"content":{"rendered":"<p><span style=\"color: #00ccff;\">Le Tr\u00e9laz\u00e9 Fitness Club est une association loi 1901 proposant \u00e0 ses adh\u00e9rents la pratique de la musculation et du fitness, dans une ambiance tant sportive que conviviale.<\/span><\/p>\n<p><span style=\"color: #00ccff;\">La salle nous est pr\u00eat\u00e9e par la mairie et le mat\u00e9riel appartient \u00e0 l&rsquo;association.<\/span><\/p>\n<p><span style=\"color: #00ccff;\">Les entra\u00eenements &nbsp;sont \u00e0 la convenance de chacun et peuvent \u00eatre guid\u00e9s par nos encadrants b\u00e9n\u00e9voles.<\/span><\/p>\n<p><span style=\"color: #00ccff;\">Les cours collectifs de fitness sont quand \u00e0 eux dirig\u00e9s par des professeurs dipl\u00f4m\u00e9s.<\/span><\/p>\n<p><span style=\"color: #00ccff;\">La saison d\u00e9bute en septembre et se termine en juin.<\/span><\/p>\n<p><span style=\"color: #00ccff;\">Les inscriptions sont prisent en septembre, dans la limite des places disponibles.<\/span><\/p>\n<p><img loading=\"lazy\" decoding=\"async\" class=\"alignnone size-full wp-image-42\" src=\"https:\/\/trelazefitnessclub.com\/wp-content\/uploads\/2016\/11\/dumbbell-940375__180.jpg\" alt=\"dumbbell-940375__180\" width=\"270\" height=\"180\">&nbsp;&nbsp;<img loading=\"lazy\" decoding=\"async\" class=\"alignnone size-full wp-image-65\" src=\"https:\/\/trelazefitnessclub.com\/wp-content\/uploads\/2016\/11\/fitness-1023270__180.jpg\" alt=\"fitness-1023270__180\" width=\"270\" height=\"180\">&nbsp;<img loading=\"lazy\" decoding=\"async\" class=\"alignnone size-full wp-image-67\" src=\"https:\/\/trelazefitnessclub.com\/wp-content\/uploads\/2016\/11\/weight-plates-299528__180.jpg\" alt=\"weight-plates-299528__180\" width=\"240\" height=\"180\">&nbsp;<img loading=\"lazy\" decoding=\"async\" class=\"alignnone size-full wp-image-70\" src=\"https:\/\/trelazefitnessclub.com\/wp-content\/uploads\/2016\/11\/power-sports-1015688__180.jpg\" alt=\"power-sports-1015688__180\" width=\"180\" height=\"180\"><\/p>\n","protected":false},"excerpt":{"rendered":"<p>Le Tr\u00e9laz\u00e9 Fitness Club est une association loi 1901 proposant \u00e0 ses adh\u00e9rents la pratique de la musculation et du fitness, dans une ambiance tant sportive que conviviale. La salle nous est pr\u00eat\u00e9e par la mairie et le mat\u00e9riel appartient \u00e0 l&rsquo;association. Les entra\u00eenements &nbsp;sont \u00e0 la convenance de chacun\u2026 <a class=\"continue-reading-link\" href=\"https:\/\/trelazefitnessclub.com\/index.php\/qui-sommes-nous\/\">Continue reading<\/a><\/p>\n","protected":false},"author":1,"featured_media":0,"parent":0,"menu_order":0,"comment_status":"closed","ping_status":"closed","template":"","meta":{"ngg_post_thumbnail":0,"footnotes":""},"class_list":["post-62","page","type-page","status-publish","hentry"],"_links":{"self":[{"href":"https:\/\/trelazefitnessclub.com\/index.php\/wp-json\/wp\/v2\/pages\/62","targetHints":{"allow":["GET"]}}],"collection":[{"href":"https:\/\/trelazefitnessclub.com\/index.php\/wp-json\/wp\/v2\/pages"}],"about":[{"href":"https:\/\/trelazefitnessclub.com\/index.php\/wp-json\/wp\/v2\/types\/page"}],"author":[{"embeddable":true,"href":"https:\/\/trelazefitnessclub.com\/index.php\/wp-json\/wp\/v2\/users\/1"}],"replies":[{"embeddable":true,"href":"https:\/\/trelazefitnessclub.com\/index.php\/wp-json\/wp\/v2\/comments?post=62"}],"version-history":[{"count":0,"href":"https:\/\/trelazefitnessclub.com\/index.php\/wp-json\/wp\/v2\/pages\/62\/revisions"}],"wp:attachment":[{"href":"https:\/\/trelazefitnessclub.com\/index.php\/wp-json\/wp\/v2\/media?parent=62"}],"curies":[{"name":"wp","href":"https:\/\/api.w.org\/{rel}","templated":true}]}}