{"id":1854,"date":"2025-10-29T13:45:31","date_gmt":"2025-10-29T12:45:31","guid":{"rendered":"https:\/\/trelazefitnessclub.com\/?page_id=1854"},"modified":"2025-10-29T13:50:39","modified_gmt":"2025-10-29T12:50:39","slug":"galeries-photos","status":"publish","type":"page","link":"https:\/\/trelazefitnessclub.com\/index.php\/galeries-photos\/","title":{"rendered":"Galeries Photos"},"content":{"rendered":"\n<h2 class=\"wp-block-heading\">Notre Salle<\/h2>\n\n\n\nngg_shortcode_0_placeholder\n\n\n\n<h2 class=\"wp-block-heading\">Repas Adh\u00e9rents 2023<\/h2>\n\n\n\nngg_shortcode_1_placeholder\n\n\n\n<h2 class=\"wp-block-heading\">Open France WPC 2022 \u00e0 Tr\u00e9laz\u00e9<\/h2>\n\n\n\nngg_shortcode_2_placeholder\n\n\n\n<h2 class=\"wp-block-heading\">D\u00e9m\u00e9nagement Nouvelle Salle 02\/2018<\/h2>\n\n\n\nngg_shortcode_3_placeholder\n","protected":false},"excerpt":{"rendered":"<p>Notre Salle Repas Adh\u00e9rents 2023 Open France WPC 2022 \u00e0 Tr\u00e9laz\u00e9 D\u00e9m\u00e9nagement Nouvelle Salle 02\/2018 <a class=\"continue-reading-link\" href=\"https:\/\/trelazefitnessclub.com\/index.php\/galeries-photos\/\">Continue reading<\/a><\/p>\n","protected":false},"author":1,"featured_media":0,"parent":0,"menu_order":0,"comment_status":"closed","ping_status":"closed","template":"","meta":{"ngg_post_thumbnail":0,"footnotes":""},"class_list":["post-1854","page","type-page","status-publish","hentry"],"_links":{"self":[{"href":"https:\/\/trelazefitnessclub.com\/index.php\/wp-json\/wp\/v2\/pages\/1854","targetHints":{"allow":["GET"]}}],"collection":[{"href":"https:\/\/trelazefitnessclub.com\/index.php\/wp-json\/wp\/v2\/pages"}],"about":[{"href":"https:\/\/trelazefitnessclub.com\/index.php\/wp-json\/wp\/v2\/types\/page"}],"author":[{"embeddable":true,"href":"https:\/\/trelazefitnessclub.com\/index.php\/wp-json\/wp\/v2\/users\/1"}],"replies":[{"embeddable":true,"href":"https:\/\/trelazefitnessclub.com\/index.php\/wp-json\/wp\/v2\/comments?post=1854"}],"version-history":[{"count":3,"href":"https:\/\/trelazefitnessclub.com\/index.php\/wp-json\/wp\/v2\/pages\/1854\/revisions"}],"predecessor-version":[{"id":1870,"href":"https:\/\/trelazefitnessclub.com\/index.php\/wp-json\/wp\/v2\/pages\/1854\/revisions\/1870"}],"wp:attachment":[{"href":"https:\/\/trelazefitnessclub.com\/index.php\/wp-json\/wp\/v2\/media?parent=1854"}],"curies":[{"name":"wp","href":"https:\/\/api.w.org\/{rel}","templated":true}]}}